{"id":606,"date":"2022-12-15T13:52:32","date_gmt":"2022-12-15T13:52:32","guid":{"rendered":"https:\/\/64.176.41.112\/?page_id=606"},"modified":"2026-04-05T02:21:57","modified_gmt":"2026-04-05T02:21:57","slug":"home","status":"publish","type":"page","link":"https:\/\/www.jiajuanli.com\/","title":{"rendered":"Home"},"content":{"rendered":"<!-- \u827a\u672f\u5bb6\u9996\u9875 \u00b7 \u5de6\u56fe\u53f3\u6587\u5b8c\u7f8e\u7b49\u9ad8\u5bf9\u9f50\u7248 -->\n\n<!-- \u5de6\u56fe\u53f3\u6587\u4e25\u683c\u7b49\u9ad8\u5e03\u5c40 -->\n<div style=\"max-width:60%; margin:3em auto; display:flex; flex-wrap:wrap; gap:3.5em; align-items:stretch; padding:0 20px;\">\n\n    <!-- \u5de6\u4fa7\u56fe\u7247\uff08\u4e25\u683c\u7b49\u9ad8\uff09 -->\n    <div style=\"flex:1.1; min-width:300px; display:flex; align-items:center; justify-content:center;\">\n        \n        <figure class=\"wp-block-image size-full\" style=\"margin:0; width:100%; height:100%; display:flex; align-items:center; justify-content:center;\">\n            <img fetchpriority=\"high\" decoding=\"async\" width=\"1024\" height=\"683\" src=\"https:\/\/www.jiajuanli.com\/wp-content\/uploads\/2026\/04\/IMG_8338\u7684\u526f\u672c-1024x683-1.png\"\n                 alt=\"Jia Juanli\"\n                 class=\"wp-image-1737\"\n                 style=\"width:100%; height:100%; object-fit:cover;\n                        border-radius: 6px;\n                        box-shadow: 0 12px 40px rgba(0,0,0,0.12);\n                        filter: contrast(1.02) brightness(1.02);\n                        border: 1px solid rgba(220,220,220,0.3);\" srcset=\"https:\/\/www.jiajuanli.com\/wp-content\/uploads\/2026\/04\/IMG_8338\u7684\u526f\u672c-1024x683-1.png 1024w, https:\/\/www.jiajuanli.com\/wp-content\/uploads\/2026\/04\/IMG_8338\u7684\u526f\u672c-1024x683-1-300x200.png 300w, https:\/\/www.jiajuanli.com\/wp-content\/uploads\/2026\/04\/IMG_8338\u7684\u526f\u672c-1024x683-1-768x512.png 768w, https:\/\/www.jiajuanli.com\/wp-content\/uploads\/2026\/04\/IMG_8338\u7684\u526f\u672c-1024x683-1-600x400.png 600w\" sizes=\"(max-width: 1024px) 100vw, 1024px\" \/>\n        <\/figure>\n        \n    <\/div>\n\n    <!-- \u53f3\u4fa7\u82f1\u6587\u7b80\u4ecb\uff08\u4e25\u683c\u7b49\u9ad8\uff09 -->\n    <div style=\"flex:1; min-width:300px; padding:1em 0; display:flex; flex-direction:column; justify-content:center;\">\n        <h2 style=\"font-size:34px; font-weight:400; letter-spacing:2px; margin:0 0 0.8em;\">Jia Juanli<\/h2>\n        <p style=\"font-size:16px; line-height:1.85; color:#333; margin:0; text-indent:2em;\">\n            Jia Juanli is an artist who quickly established herself as a leading painter during the period of intense creativity in the Chinese artistic world at the end of the 20th century. She then chose to depict images of a timeless China, composed essentially of palace interiors, gardens, and delicate female figures. This enchanted world opens to complex spaces and multiple depths, in which the painting itself presents a strong materiality and nuanced colors, adding substantial poetics to this dream-like universe. The meeting between an underlying drawing of great firmness and the oil technique of Western inspiration, combined with a mastery of passages and depths taken from traditional Chinese art, serves an exclusively feminine, idealized world. This world seems to contrast with life in modern China and invites silence and peace of soul.\n        <\/p>\n        <p style=\"font-size:14px; line-height:1.7; color:#777; font-style:italic; margin-top:1.8em;\">\n            \u2014\u2014 Pierre Paliard.<br>\n            PhD Art History. Professor at Ecole Sup\u00e9rieure d\u2018Art d\u2019Aix-en-Provence<br>\n            (original reference in French)\n        <\/p>\n    <\/div>\n<\/div>\n\n<!-- \u4e0b\u65b9\u6cd5\u8bed + \u4e2d\u6587\uff08\u4e0e\u4e0a\u65b9\u5bbd\u5ea6\u5b8c\u5168\u4e00\u81f4 \u00b7 \u9996\u884c\u7f29\u8fdb\uff09 -->\n<div style=\"max-width:60%; margin:4em auto; padding:0 20px;\">\n\n    <!-- \u6cd5\u6587 -->\n    <p style=\"font-size:16px; line-height:1.8; color:#333; margin-bottom:2.5em; text-indent:2em;\">\n        Jia Juanli est une artiste qui s\u2019est rapidement affirm\u00e9e comme une peintre de premier plan dans la p\u00e9riode d\u2019intense cr\u00e9ativit\u00e9 du milieu artistique chinois de la fin du XXe si\u00e8cle. Elle choisit alors de donner des images d\u2019une Chine intemporelle faites essentiellement d\u2019int\u00e9rieurs de palais, de jardins et de figures f\u00e9minines d\u00e9licates. Ce monde enchant\u00e9 ouvre \u00e0 des espaces complexes, des profondeurs multiples dans lesquelles la peinture elle-m\u00eame pr\u00e9sente une forte mat\u00e9rialit\u00e9 et des couleurs nuanc\u00e9es ajoutant une po\u00e9tique substantielle \u00e0 cet univers r\u00eav\u00e9. La rencontre entre un dessin sous-jacent d\u2019une grande fermet\u00e9 et de la technique de l\u2019huile d\u2019inspiration occidentale avec une science des passages et des profondeurs reprise de l\u2019art chinois traditionnel se met au service d\u2019un monde exclusivement f\u00e9minin, id\u00e9alis\u00e9, qui semble r\u00e9pondre aux d\u00e9fis de l\u2019histoire r\u00e9cente de la Chine et inviter au silence et \u00e0 la paix de l\u2019\u00e2me.\n    <\/p>\n    <p style=\"font-size:14px; line-height:1.7; color:#777; font-style:italic; margin-bottom:4em;\">\n        \u2014\u2014 Pierre Paliard.<br>\n        Docteur en Histoire de l\u2019Art, Professeur \u00e0 l\u2019Ecole Sup\u00e9rieure d\u2019Art d\u2019Aix-en-Provence\n    <\/p>\n\n    <!-- \u4e2d\u6587 -->\n    <p style=\"font-size:16px; line-height:1.9; color:#333; margin-bottom:2em; text-indent:2em;\">\n        \u8d3e\u9e43\u4e3d\u572820\u4e16\u7eaa\u672b\u4e2d\u56fd\u827a\u672f\u754c\u521b\u4f5c\u9f0e\u76db\u65f6\u671f\uff0c\u5f88\u5feb\u786e\u7acb\u4e86\u81ea\u5df1\u7684\u753b\u5bb6\u5148\u5bfc\u5730\u4f4d\u3002\u5979\u7684\u7b14\u4e0b\u662f\u4e00\u4e2a\u95fa\u9601\u5ead\u9662\u3001\u7389\u5973\u58c1\u4eba\u7684\u6052\u4e45\u4e2d\u56fd\u3002\u5b9c\u4eba\u7684\u753b\u9762\u627f\u8f7d\u7740\u9519\u843d\u7684\u7a7a\u95f4\u548c\u591a\u91cd\u7684\u666f\u6df1\uff0c\u800c\u5f3a\u70c8\u7684\u808c\u7406\u7b14\u89e6\u548c\u7ec6\u817b\u591a\u5e7b\u7684\u8272\u5f69\uff0c\u5219\u8d4b\u4e88\u753b\u9762\u5982\u70df\u82e5\u68a6\u822c\u7684\u8bd7\u610f\u3002\u753b\u5bb6\u51ed\u501f\u624e\u5b9e\u7684\u7d20\u63cf\u529f\u5e95\u548c\u6cb9\u753b\u6280\u5de7\uff0c\u4ece\u4e1c\u65b9\u4f20\u7edf\u5ba1\u7f8e\u7684\u89d2\u5ea6\u51fa\u53d1\uff0c\u91cd\u65b0\u8be0\u91ca\u4e86\u897f\u65b9\u7ed8\u753b\u4e2d\u7684\u7269\u7406\u8f6c\u6362\u548c\u79d1\u5b66\u900f\u89c6\u3002\u800c\u8fd9\u4e00\u5207\u90fd\u7528\u6765\u63cf\u7ed8\u4e00\u4e2a\u4e0e\u73b0\u4ee3\u5f0f\u4e2d\u56fd\u5f62\u6210\u5bf9\u6bd4\u7684\u3001\u72ec\u4e00\u65e0\u4e8c\u4e14\u7406\u60f3\u7684\u5973\u6027\u4e16\u754c\uff0c\u8ba9\u6211\u4eec\u5bfb\u56de\u4e86\u5b81\u9759\u548c\u5fc3\u7075\u6df1\u5904\u7684\u5e73\u548c\u3002\n    <\/p>\n    <p style=\"font-size:14px; line-height:1.8; color:#777; font-style:italic;\">\n        \u2014\u2014\u57c3\u5c14\u00b7\u5df4\u5229\u4e9a<br>\n        \u827a\u672f\u53f2\u535a\u58eb\uff0c\u666e\u7f57\u65fa\u65af\u827e\u514b\u65af\u9ad8\u7b49\u827a\u672f\u5b66\u9662\u6559\u6388<br>\n        \uff08\u539f\u6587\u4e3a\u6cd5\u8bed\uff09\n    <\/p>\n<\/div>","protected":false},"excerpt":{"rendered":"<p>Jia Juanli Jia Juanli is an artist who quickly establis [&hellip;]<\/p>\n","protected":false},"author":1,"featured_media":0,"parent":0,"menu_order":0,"comment_status":"closed","ping_status":"closed","template":"","meta":{"_uag_custom_page_level_css":"","site-sidebar-layout":"default","site-content-layout":"page-builder","ast-site-content-layout":"full-width-container","site-content-style":"unboxed","site-sidebar-style":"unboxed","ast-global-header-display":"","ast-banner-title-visibility":"","ast-main-header-display":"","ast-hfb-above-header-display":"","ast-hfb-below-header-display":"","ast-hfb-mobile-header-display":"","site-post-title":"disabled","ast-breadcrumbs-content":"","ast-featured-img":"","footer-sml-layout":"","ast-disable-related-posts":"","theme-transparent-header-meta":"default","adv-header-id-meta":"","stick-header-meta":"","header-above-stick-meta":"","header-main-stick-meta":"","header-below-stick-meta":"","astra-migrate-meta-layouts":"set","ast-page-background-enabled":"default","ast-page-background-meta":{"desktop":{"background-color":"","background-image":"","background-repeat":"repeat","background-position":"center center","background-size":"auto","background-attachment":"scroll","background-type":"","background-media":"","overlay-type":"","overlay-color":"","overlay-opacity":"","overlay-gradient":""},"tablet":{"background-color":"","background-image":"","background-repeat":"repeat","background-position":"center center","background-size":"auto","background-attachment":"scroll","background-type":"","background-media":"","overlay-type":"","overlay-color":"","overlay-opacity":"","overlay-gradient":""},"mobile":{"background-color":"","background-image":"","background-repeat":"repeat","background-position":"center center","background-size":"auto","background-attachment":"scroll","background-type":"","background-media":"","overlay-type":"","overlay-color":"","overlay-opacity":"","overlay-gradient":""}},"ast-content-background-meta":{"desktop":{"background-color":"var(--ast-global-color-4)","background-image":"","background-repeat":"repeat","background-position":"center center","background-size":"auto","background-attachment":"scroll","background-type":"","background-media":"","overlay-type":"","overlay-color":"","overlay-opacity":"","overlay-gradient":""},"tablet":{"background-color":"var(--ast-global-color-4)","background-image":"","background-repeat":"repeat","background-position":"center center","background-size":"auto","background-attachment":"scroll","background-type":"","background-media":"","overlay-type":"","overlay-color":"","overlay-opacity":"","overlay-gradient":""},"mobile":{"background-color":"var(--ast-global-color-4)","background-image":"","background-repeat":"repeat","background-position":"center center","background-size":"auto","background-attachment":"scroll","background-type":"","background-media":"","overlay-type":"","overlay-color":"","overlay-opacity":"","overlay-gradient":""}},"footnotes":""},"class_list":["post-606","page","type-page","status-publish","hentry"],"uagb_featured_image_src":{"full":false,"thumbnail":false,"medium":false,"medium_large":false,"large":false,"1536x1536":false,"2048x2048":false,"woocommerce_thumbnail":false,"woocommerce_single":false,"woocommerce_gallery_thumbnail":false},"uagb_author_info":{"display_name":"wpausers5Mz3A6z","author_link":"https:\/\/www.jiajuanli.com\/?author=1"},"uagb_comment_info":0,"uagb_excerpt":"Jia Juanli Jia Juanli is an artist who quickly establis&hellip;","_links":{"self":[{"href":"https:\/\/www.jiajuanli.com\/index.php?rest_route=\/wp\/v2\/pages\/606","targetHints":{"allow":["GET"]}}],"collection":[{"href":"https:\/\/www.jiajuanli.com\/index.php?rest_route=\/wp\/v2\/pages"}],"about":[{"href":"https:\/\/www.jiajuanli.com\/index.php?rest_route=\/wp\/v2\/types\/page"}],"author":[{"embeddable":true,"href":"https:\/\/www.jiajuanli.com\/index.php?rest_route=\/wp\/v2\/users\/1"}],"replies":[{"embeddable":true,"href":"https:\/\/www.jiajuanli.com\/index.php?rest_route=%2Fwp%2Fv2%2Fcomments&post=606"}],"version-history":[{"count":80,"href":"https:\/\/www.jiajuanli.com\/index.php?rest_route=\/wp\/v2\/pages\/606\/revisions"}],"predecessor-version":[{"id":1742,"href":"https:\/\/www.jiajuanli.com\/index.php?rest_route=\/wp\/v2\/pages\/606\/revisions\/1742"}],"wp:attachment":[{"href":"https:\/\/www.jiajuanli.com\/index.php?rest_route=%2Fwp%2Fv2%2Fmedia&parent=606"}],"curies":[{"name":"wp","href":"https:\/\/api.w.org\/{rel}","templated":true}]}}