{"id":800,"date":"2024-05-11T09:12:39","date_gmt":"2024-05-11T09:12:39","guid":{"rendered":"https:\/\/64.176.41.112\/?page_id=800"},"modified":"2026-02-04T08:50:55","modified_gmt":"2026-02-04T08:50:55","slug":"upcoming-events","status":"publish","type":"page","link":"https:\/\/www.jiajuanli.com\/?page_id=800","title":{"rendered":"Upcoming Events"},"content":{"rendered":"\n<h1 class=\"wp-block-heading has-text-align-center has-text-color\" style=\"color:#1a1a1a;font-size:52px;font-weight:700;letter-spacing:3px;line-height:1.2;margin-top:30px;margin-bottom:8px\">Art Capital 2026 <span style=\"color:#c9a77c;\">&bull;<\/span> Paris Art Exhibition<\/h1>\n\n\n\n<h2 class=\"wp-block-heading has-text-align-center has-text-color\" style=\"color:#777777;font-size:24px;font-weight:300;font-style:italic;margin-bottom:56px\">13-15 f\u00e9vrier | Grand Palais \u00c9ph\u00e9m\u00e8re | Contemporary Art Exhibition<\/h2>\n\n\n\n<div style=\"width:100%;max-width:1400px;margin:0 auto 60px auto;display:flex;flex-wrap:nowrap;justify-content:center;gap:24px;padding:0 20px;box-sizing:border-box;\">\n    <!-- \u5de6\u4fa7\u5c55\u4f1a\u5ba3\u4f20\u56fe -->\n    <figure class=\"wp-block-image size-large\" style=\"width:50%;margin:0!important;\">\n        <img fetchpriority=\"high\" decoding=\"async\" width=\"716\" height=\"1024\" src=\"http:\/\/www.jiajuanli.com\/wp-content\/uploads\/2026\/02\/artcapital-716x1024.jpg\" alt=\"Art Capital 2026 \u5c55\u4f1a\u4e3b\u89c6\u89c9\" class=\"wp-image-1663\" style=\"width:100%;height:auto;aspect-ratio:2\/3;object-fit:cover;border-radius:10px;box-shadow:0 6px 16px rgba(0,0,0,0.09);transition:all 0.4s ease-in-out;\" srcset=\"https:\/\/www.jiajuanli.com\/wp-content\/uploads\/2026\/02\/artcapital-716x1024.jpg?v=1775353424 716w, https:\/\/www.jiajuanli.com\/wp-content\/uploads\/2026\/02\/artcapital-210x300.jpg?v=1775353424 210w, https:\/\/www.jiajuanli.com\/wp-content\/uploads\/2026\/02\/artcapital-768x1099.jpg?v=1775353424 768w, https:\/\/www.jiajuanli.com\/wp-content\/uploads\/2026\/02\/artcapital-1074x1536.jpg?v=1775353424 1074w, https:\/\/www.jiajuanli.com\/wp-content\/uploads\/2026\/02\/artcapital-1431x2048.jpg?v=1775353424 1431w, https:\/\/www.jiajuanli.com\/wp-content\/uploads\/2026\/02\/artcapital-600x858.jpg?v=1775353424 600w, https:\/\/www.jiajuanli.com\/wp-content\/uploads\/2026\/02\/artcapital.jpg?v=1775353424 1532w\" sizes=\"(max-width: 716px) 100vw, 716px\" \/>\n    <\/figure>\n    <!-- \u53f3\u4fa7\u53c2\u89c2\u6307\u5357\u56fe -->\n    <figure class=\"wp-block-image size-large\" style=\"width:50%;margin:0!important;\">\n        <img decoding=\"async\" width=\"718\" height=\"1024\" src=\"http:\/\/www.jiajuanli.com\/wp-content\/uploads\/2026\/02\/vistplan-718x1024.jpg\" alt=\"Art Capital 2026 \u53c2\u89c2\u6307\u5357\" class=\"wp-image-1664\" style=\"width:100%;height:auto;aspect-ratio:2\/3;object-fit:cover;border-radius:10px;box-shadow:0 6px 16px rgba(0,0,0,0.09);transition:all 0.4s ease-in-out;\" srcset=\"https:\/\/www.jiajuanli.com\/wp-content\/uploads\/2026\/02\/vistplan-718x1024.jpg?v=1775353418 718w, https:\/\/www.jiajuanli.com\/wp-content\/uploads\/2026\/02\/vistplan-210x300.jpg?v=1775353418 210w, https:\/\/www.jiajuanli.com\/wp-content\/uploads\/2026\/02\/vistplan-768x1095.jpg?v=1775353418 768w, https:\/\/www.jiajuanli.com\/wp-content\/uploads\/2026\/02\/vistplan-1078x1536.jpg?v=1775353418 1078w, https:\/\/www.jiajuanli.com\/wp-content\/uploads\/2026\/02\/vistplan-600x855.jpg?v=1775353418 600w, https:\/\/www.jiajuanli.com\/wp-content\/uploads\/2026\/02\/vistplan.jpg?v=1775353418 1392w\" sizes=\"(max-width: 718px) 100vw, 718px\" \/>\n    <\/figure>\n<\/div>\n\n\n\n<h2 class=\"wp-block-heading has-text-align-center has-text-color\" style=\"color:#2a2a2a;font-size:36px;font-weight:500;letter-spacing:1.5px;line-height:1.3;margin-top:20px;margin-bottom:48px\">My Exhibition Works <span style=\"color:#c9a77c;font-weight:400;\">| Chinese Ink Painting<\/span><\/h2>\n\n\n\n<div class=\"wp-block-group alignwide is-content-justification-center is-layout-flex wp-container-core-group-is-layout-6a8c3baf wp-block-group-is-layout-flex\" style=\"border-top:2px solid #e8e8e8;margin-bottom:60px;margin-left:auto;margin-right:auto;max-width:1200px;padding:45px 40px\">\n    <!-- \u827a\u672f\u5bb6\u4ecb\u7ecd\u6a21\u5757 -->\n    \n    <div class=\"wp-block-column is-layout-flow wp-block-column-is-layout-flow\" style=\"flex-basis:35%;margin-bottom:30px;padding-right:45px\">\n        \n        <h3 class=\"wp-block-heading has-text-color\" style=\"color:#1a1a1a;font-size:24px;font-weight:600;letter-spacing:1.2px;margin-bottom:24px\">Artist&#8217;s Statement<\/h3>\n        \n        \n        <p class=\"has-text-color\" style=\"color:#606060;font-size:17px;line-height:2;letter-spacing:0.5px\">This scene is not imagined, but fragments of memory etched during my time painting in the Forbidden City. My aim is not to tell a story, but to create a contemplative space\u2014a realm for the spirit to inhabit.<\/p>\n        \n    <\/div>\n    \n    <!-- \u53c2\u5c55\u4f5c\u54c1\u56fe\u7247 -->\n    \n    <div class=\"wp-block-column is-layout-flow wp-block-column-is-layout-flow\" style=\"flex-basis:65%\">\n        \n        <figure class=\"wp-block-image size-large\">\n            <img decoding=\"async\" width=\"817\" height=\"1024\" src=\"http:\/\/www.jiajuanli.com\/wp-content\/uploads\/2026\/02\/20260202222155-817x1024.jpg\" alt=\"Art Capital 2026 \u53c2\u5c55\u56fd\u753b\u4f5c\u54c1\" class=\"wp-image-1662\" style=\"border-radius:12px;box-shadow:0 8px 20px rgba(0,0,0,0.12);max-width:100%;height:auto;object-fit:cover;transition:all 0.4s ease-in-out;\" srcset=\"https:\/\/www.jiajuanli.com\/wp-content\/uploads\/2026\/02\/20260202222155-817x1024.jpg?v=1775353431 817w, https:\/\/www.jiajuanli.com\/wp-content\/uploads\/2026\/02\/20260202222155-239x300.jpg?v=1775353431 239w, https:\/\/www.jiajuanli.com\/wp-content\/uploads\/2026\/02\/20260202222155-768x963.jpg?v=1775353431 768w, https:\/\/www.jiajuanli.com\/wp-content\/uploads\/2026\/02\/20260202222155-1225x1536.jpg?v=1775353431 1225w, https:\/\/www.jiajuanli.com\/wp-content\/uploads\/2026\/02\/20260202222155-1633x2048.jpg?v=1775353431 1633w, https:\/\/www.jiajuanli.com\/wp-content\/uploads\/2026\/02\/20260202222155-600x752.jpg?v=1775353431 600w, https:\/\/www.jiajuanli.com\/wp-content\/uploads\/2026\/02\/20260202222155.jpg?v=1775353431 1930w\" sizes=\"(max-width: 817px) 100vw, 817px\" \/>\n        <\/figure>\n        \n    <\/div>\n    \n<\/div>\n\n\n<div data-block-name=\"woocommerce\/store-notices\" class=\"woocommerce wc-block-store-notices alignwide  alignwide\"><div class=\"woocommerce-notices-wrapper\"><\/div><\/div>","protected":false},"excerpt":{"rendered":"<p>Art Capital 2026 &bull; Paris Art Exhibition 13-15 f\u00e9vr [&hellip;]<\/p>\n","protected":false},"author":1,"featured_media":0,"parent":0,"menu_order":0,"comment_status":"closed","ping_status":"closed","template":"","meta":{"_uag_custom_page_level_css":"","site-sidebar-layout":"no-sidebar","site-content-layout":"page-builder","ast-site-content-layout":"full-width-container","site-content-style":"default","site-sidebar-style":"default","ast-global-header-display":"","ast-banner-title-visibility":"","ast-main-header-display":"","ast-hfb-above-header-display":"","ast-hfb-below-header-display":"","ast-hfb-mobile-header-display":"","site-post-title":"disabled","ast-breadcrumbs-content":"","ast-featured-img":"disabled","footer-sml-layout":"","ast-disable-related-posts":"","theme-transparent-header-meta":"","adv-header-id-meta":"","stick-header-meta":"","header-above-stick-meta":"","header-main-stick-meta":"","header-below-stick-meta":"","astra-migrate-meta-layouts":"set","ast-page-background-enabled":"default","ast-page-background-meta":{"desktop":{"background-color":"","background-image":"","background-repeat":"repeat","background-position":"center center","background-size":"auto","background-attachment":"scroll","background-type":"","background-media":"","overlay-type":"","overlay-color":"","overlay-gradient":""},"tablet":{"background-color":"","background-image":"","background-repeat":"repeat","background-position":"center center","background-size":"auto","background-attachment":"scroll","background-type":"","background-media":"","overlay-type":"","overlay-color":"","overlay-gradient":""},"mobile":{"background-color":"","background-image":"","background-repeat":"repeat","background-position":"center center","background-size":"auto","background-attachment":"scroll","background-type":"","background-media":"","overlay-type":"","overlay-color":"","overlay-gradient":""}},"ast-content-background-meta":{"desktop":{"background-color":"var(--ast-global-color-5)","background-image":"","background-repeat":"repeat","background-position":"center center","background-size":"auto","background-attachment":"scroll","background-type":"","background-media":"","overlay-type":"","overlay-color":"","overlay-gradient":""},"tablet":{"background-color":"var(--ast-global-color-5)","background-image":"","background-repeat":"repeat","background-position":"center center","background-size":"auto","background-attachment":"scroll","background-type":"","background-media":"","overlay-type":"","overlay-color":"","overlay-gradient":""},"mobile":{"background-color":"var(--ast-global-color-5)","background-image":"","background-repeat":"repeat","background-position":"center center","background-size":"auto","background-attachment":"scroll","background-type":"","background-media":"","overlay-type":"","overlay-color":"","overlay-gradient":""}},"footnotes":""},"class_list":["post-800","page","type-page","status-publish","hentry"],"uagb_featured_image_src":{"full":false,"thumbnail":false,"medium":false,"medium_large":false,"large":false,"1536x1536":false,"2048x2048":false,"woocommerce_thumbnail":false,"woocommerce_single":false,"woocommerce_gallery_thumbnail":false},"uagb_author_info":{"display_name":"wpausers5Mz3A6z","author_link":"https:\/\/www.jiajuanli.com\/?author=1"},"uagb_comment_info":0,"uagb_excerpt":"Art Capital 2026 &bull; Paris Art Exhibition 13-15 f\u00e9vr&hellip;","_links":{"self":[{"href":"https:\/\/www.jiajuanli.com\/index.php?rest_route=\/wp\/v2\/pages\/800","targetHints":{"allow":["GET"]}}],"collection":[{"href":"https:\/\/www.jiajuanli.com\/index.php?rest_route=\/wp\/v2\/pages"}],"about":[{"href":"https:\/\/www.jiajuanli.com\/index.php?rest_route=\/wp\/v2\/types\/page"}],"author":[{"embeddable":true,"href":"https:\/\/www.jiajuanli.com\/index.php?rest_route=\/wp\/v2\/users\/1"}],"replies":[{"embeddable":true,"href":"https:\/\/www.jiajuanli.com\/index.php?rest_route=%2Fwp%2Fv2%2Fcomments&post=800"}],"version-history":[{"count":76,"href":"https:\/\/www.jiajuanli.com\/index.php?rest_route=\/wp\/v2\/pages\/800\/revisions"}],"predecessor-version":[{"id":1725,"href":"https:\/\/www.jiajuanli.com\/index.php?rest_route=\/wp\/v2\/pages\/800\/revisions\/1725"}],"wp:attachment":[{"href":"https:\/\/www.jiajuanli.com\/index.php?rest_route=%2Fwp%2Fv2%2Fmedia&parent=800"}],"curies":[{"name":"wp","href":"https:\/\/api.w.org\/{rel}","templated":true}]}}